{"id":9353,"date":"2021-01-20T15:00:18","date_gmt":"2021-01-20T14:00:18","guid":{"rendered":"https:\/\/www.ibi-systems.de\/?page_id=9353"},"modified":"2025-10-23T20:54:19","modified_gmt":"2025-10-23T18:54:19","slug":"contactez","status":"publish","type":"page","link":"https:\/\/www.ibi-systems.de\/fr\/contactez\/","title":{"rendered":"Contactez"},"content":{"rendered":"<div id='av_section_1'  class='avia-section av-dqahcp-4bac71b93f09651adc7c71a4d8dcd0b9 main_color avia-section-default avia-no-border-styling  avia-builder-el-0  avia-builder-el-no-sibling  avia-bg-style-scroll container_wrap sidebar_right'  ><div class='container av-section-cont-open' ><main  role=\"main\" itemprop=\"mainContentOfPage\"  class='template-page content  av-content-small alpha units'><div class='post-entry post-entry-type-page post-entry-9353'><div class='entry-content-wrapper clearfix'>\n<div  class='flex_column av-16v721-642f5695fdfc45c80d64fd0c08be2766 av_one_half  avia-builder-el-1  el_before_av_one_half  avia-builder-el-first  first flex_column_div  '     ><p>\n<style type=\"text\/css\" data-created_by=\"avia_inline_auto\" id=\"style-css-av-kk5hqgon-df91fb1527ed18322db0d8daf4d05d01\">\n#top .av-special-heading.av-kk5hqgon-df91fb1527ed18322db0d8daf4d05d01{\npadding-bottom:10px;\n}\nbody .av-special-heading.av-kk5hqgon-df91fb1527ed18322db0d8daf4d05d01 .av-special-heading-tag .heading-char{\nfont-size:25px;\n}\n.av-special-heading.av-kk5hqgon-df91fb1527ed18322db0d8daf4d05d01 .av-subheading{\nfont-size:15px;\n}\n<\/style>\n<div  class='av-special-heading av-kk5hqgon-df91fb1527ed18322db0d8daf4d05d01 av-special-heading-h1 blockquote modern-quote  avia-builder-el-2  el_before_av_hr  avia-builder-el-first  av-linked-heading'><h1 class='av-special-heading-tag '  itemprop=\"headline\"  >Contactez<\/h1><div class=\"special-heading-border\"><div class=\"special-heading-inner-border\"><\/div><\/div><\/div><br \/>\n\n<style type=\"text\/css\" data-created_by=\"avia_inline_auto\" id=\"style-css-av-111krd-f024fa1a5d54cff7e5008f7f5def537e\">\n#top .hr.hr-invisible.av-111krd-f024fa1a5d54cff7e5008f7f5def537e{\nheight:25px;\n}\n<\/style>\n<div  class='hr av-111krd-f024fa1a5d54cff7e5008f7f5def537e hr-invisible  avia-builder-el-3  el_after_av_heading  el_before_av_textblock '><span class='hr-inner '><span class=\"hr-inner-style\"><\/span><\/span><\/div><br \/>\n<section  class='av_textblock_section av-m0p8dbbo-5750b677dc53c9e0320d1fd1f1531b36 '   itemscope=\"itemscope\" itemtype=\"https:\/\/schema.org\/CreativeWork\" ><div class='avia_textblock'  itemprop=\"text\" ><p style=\"text-align: justify;\">Prenez rendez-vous pour notre logiciel ISMS et GRC, ibi systems iris, et\/ou pour nos solutions de digitalisation de vos processus InsurTech.<\/p>\n<p style=\"text-align: justify;\">Comme le contact personnel nous tient particuli\u00e8rement \u00e0 c\u0153ur, nous serions ravis de nous d\u00e9placer chez vous et serions \u00e9galement heureux de vous accueillir personnellement dans nos locaux.<\/p>\n<\/div><\/section><br \/>\n\n<style type=\"text\/css\" data-created_by=\"avia_inline_auto\" id=\"style-css-av-av_hr-c9e9e784ecb818bb0492419f3e92f32c\">\n#top .hr.hr-invisible.av-av_hr-c9e9e784ecb818bb0492419f3e92f32c{\nheight:25px;\n}\n<\/style>\n<div  class='hr av-av_hr-c9e9e784ecb818bb0492419f3e92f32c hr-invisible  avia-builder-el-5  el_after_av_textblock  el_before_av_button '><span class='hr-inner '><span class=\"hr-inner-style\"><\/span><\/span><\/div><br \/>\n<div  class='avia-button-wrap av-m0p8bvfk-ef5a87803a38fb82e8bb846e1c405879-wrap avia-button-center  avia-builder-el-6  el_after_av_hr  el_before_av_hr '><a href='https:\/\/outlook.office.com\/book\/ibisystems@ibi-systems.de\/?ismsaljsauthenabled'  class='avia-button av-m0p8bvfk-ef5a87803a38fb82e8bb846e1c405879 av-link-btn avia-icon_select-no avia-size-large avia-position-center avia-color-green'  target=\"_blank\"  rel=\"noopener noreferrer\"  aria-label=\"Prendre rendez-vous en anglais ou en allemand (via Microsoft Bookings)\"><span class='avia_iconbox_title' >Prendre rendez-vous en anglais ou en allemand (via Microsoft Bookings)<\/span><\/a><\/div><br \/>\n\n<style type=\"text\/css\" data-created_by=\"avia_inline_auto\" id=\"style-css-av-mh3s6tq9-622593b3b91389a928cb2f082d881b40\">\n#top .hr.hr-invisible.av-mh3s6tq9-622593b3b91389a928cb2f082d881b40{\nheight:40px;\n}\n<\/style>\n<div  class='hr av-mh3s6tq9-622593b3b91389a928cb2f082d881b40 hr-invisible  avia-builder-el-7  el_after_av_button  el_before_av_textblock '><span class='hr-inner '><span class=\"hr-inner-style\"><\/span><\/span><\/div><br \/>\n<section  class='av_textblock_section av-9b1o1-2aaf02e4dfba1f548c0f626fd876c261 '   itemscope=\"itemscope\" itemtype=\"https:\/\/schema.org\/CreativeWork\" ><div class='avia_textblock'  itemprop=\"text\" ><div class=\"block-30\">\n<h3>ibi systems GmbH<\/h3>\n<p><span class=\"ui-provider fy b c d e f g h i j k l m n o p q r s t u v w x y z ab ac ae af ag ah ai aj ak\" dir=\"ltr\">Rudolf-Vogt-Stra\u00dfe 6<\/span><br \/>\n93053 Ratisbonne, Allemagne<\/p>\n<h3><\/h3>\n<\/div>\n<\/div><\/section><br \/>\n\n<style type=\"text\/css\" data-created_by=\"avia_inline_auto\" id=\"style-css-av-9nw7ex-000b9fd5401956ec9444f215e082dac0\">\n#top .hr.hr-invisible.av-9nw7ex-000b9fd5401956ec9444f215e082dac0{\nheight:25px;\n}\n<\/style>\n<div  class='hr av-9nw7ex-000b9fd5401956ec9444f215e082dac0 hr-invisible  avia-builder-el-9  el_after_av_textblock  el_before_av_google_map  avia-builder-el-last '><span class='hr-inner '><span class=\"hr-inner-style\"><\/span><\/span><\/div><br \/>\n<div  class='av_gmaps_sc_main_wrap av_gmaps_main_wrap '><div id='av_gmap_0' class='avia-google-map-container avia-google-map-sc av_gmaps_show_unconditionally av-no-fallback-img ' data-mapid='av_gmap_0'  style='height: 400px;'><a class=\"av_gmaps_browser_disabled av_text_confirm_link av_text_confirm_link_visible\" href=\"https:\/\/www.google.com\/maps\/search\/?api=1&#038;query=Rudolf-Vogt-Stra\u00dfe%206%2093053%20Regensburg%20Bayern%20Deutschland\" target=\"_blank\">Les cartes ont \u00e9t\u00e9 d\u00e9sactiv\u00e9es par le visiteur sur ce site. Cliquer pour ouvrir la carte dans une nouvelle fen\u00eatre.<\/a><\/div><\/div><\/p><\/div>\n<style type=\"text\/css\" data-created_by=\"avia_inline_auto\" id=\"style-css-av-3ihyeh-f55767ce33d688000d076d6dbee31f04\">\n.flex_column.av-3ihyeh-f55767ce33d688000d076d6dbee31f04{\npadding:20px 20px 20px 20px;\n}\n\n@media only screen and (min-width: 990px){ \n.flex_column.av-3ihyeh-f55767ce33d688000d076d6dbee31f04{\npadding:20px 20px 20px 20px;\n}\n}\n\n@media only screen and (min-width: 768px) and (max-width: 989px){ \n.flex_column.av-3ihyeh-f55767ce33d688000d076d6dbee31f04{\npadding:15px 15px 15px 15px;\n}\n}\n\n@media only screen and (min-width: 480px) and (max-width: 767px){ \n.flex_column.av-3ihyeh-f55767ce33d688000d076d6dbee31f04{\npadding:15px 15px 15px 15px;\n}\n}\n\n@media only screen and (max-width: 479px){ \n.flex_column.av-3ihyeh-f55767ce33d688000d076d6dbee31f04{\npadding:5px 5px 5px 5px;\n}\n}\n<\/style>\n<div  class='flex_column av-3ihyeh-f55767ce33d688000d076d6dbee31f04 av_one_half  avia-builder-el-11  el_after_av_one_half  avia-builder-el-last  flex_column_div  '     ><p>\n<style type=\"text\/css\" data-created_by=\"avia_inline_auto\" id=\"style-css-av-3uqevt-f8e30bc677eadc2e7632ff649938f19c\">\n#top .hr.hr-invisible.av-3uqevt-f8e30bc677eadc2e7632ff649938f19c{\nheight:50px;\n}\n<\/style>\n<div  class='hr av-3uqevt-f8e30bc677eadc2e7632ff649938f19c hr-invisible  avia-builder-el-12  el_before_av_textblock  avia-builder-el-first '><span class='hr-inner '><span class=\"hr-inner-style\"><\/span><\/span><\/div><br \/>\n<section  class='av_textblock_section av-m0p8ehrq-7433364cfbebacf255bc64ca97b945d6 '   itemscope=\"itemscope\" itemtype=\"https:\/\/schema.org\/CreativeWork\" ><div class='avia_textblock'  itemprop=\"text\" ><p style=\"text-align: justify;\">Pour les demandes individuelles veuillez envoyer un e-mail \u00e0 <a href=\"mailto:contact@ibi-systems.de\">contact@ibi-systems.de<\/a> ou utiliser notre formulaire de contact :<\/p>\n<\/div><\/section><br \/>\n<\/p><\/div><\/div><\/div><\/main><!-- close content main element --><\/div><\/div><div id='after_section_1'  class='main_color av_default_container_wrap container_wrap sidebar_right'  ><div class='container av-section-cont-open' ><div class='template-page content  av-content-small alpha units'><div class='post-entry post-entry-type-page post-entry-9353'><div class='entry-content-wrapper clearfix'>\n<div class=\"shariff shariff-align-flex-end shariff-widget-align-flex-start\"><ul class=\"shariff-buttons theme-round orientation-horizontal buttonsize-medium\"><li class=\"shariff-button printer shariff-nocustomcolor\" style=\"background-color:#a8a8a8;border-radius:20%\"><a href=\"javascript:window.print()\" title=\"drucken\" aria-label=\"drucken\" role=\"button\" rel=\"noopener nofollow\" class=\"shariff-link\" style=\";border-radius:20%; background-color:#999; color:#fff\"><span class=\"shariff-icon\" style=\"\"><svg width=\"32px\" height=\"20px\" xmlns=\"http:\/\/www.w3.org\/2000\/svg\" viewBox=\"0 0 30 32\"><path fill=\"#999\" d=\"M6.8 27.4h16v-4.6h-16v4.6zM6.8 16h16v-6.8h-2.8q-0.7 0-1.2-0.5t-0.5-1.2v-2.8h-11.4v11.4zM27.4 17.2q0-0.5-0.3-0.8t-0.8-0.4-0.8 0.4-0.3 0.8 0.3 0.8 0.8 0.3 0.8-0.3 0.3-0.8zM29.7 17.2v7.4q0 0.2-0.2 0.4t-0.4 0.2h-4v2.8q0 0.7-0.5 1.2t-1.2 0.5h-17.2q-0.7 0-1.2-0.5t-0.5-1.2v-2.8h-4q-0.2 0-0.4-0.2t-0.2-0.4v-7.4q0-1.4 1-2.4t2.4-1h1.2v-9.7q0-0.7 0.5-1.2t1.2-0.5h12q0.7 0 1.6 0.4t1.3 0.8l2.7 2.7q0.5 0.5 0.9 1.4t0.4 1.6v4.6h1.1q1.4 0 2.4 1t1 2.4z\"\/><\/svg><\/span><\/a><\/li><li class=\"shariff-button mailto shariff-nocustomcolor\" style=\"background-color:#a8a8a8;border-radius:20%\"><a href=\"mailto:?body=https%3A%2F%2Fwww.ibi-systems.de%2Ffr%2Fcontactez%2F&subject=Contactez\" title=\"Per E-Mail versenden\" aria-label=\"Per E-Mail versenden\" role=\"button\" rel=\"noopener nofollow\" class=\"shariff-link\" style=\";border-radius:20%; background-color:#999; color:#fff\"><span class=\"shariff-icon\" style=\"\"><svg width=\"32px\" height=\"20px\" xmlns=\"http:\/\/www.w3.org\/2000\/svg\" viewBox=\"0 0 32 32\"><path fill=\"#999\" d=\"M32 12.7v14.2q0 1.2-0.8 2t-2 0.9h-26.3q-1.2 0-2-0.9t-0.8-2v-14.2q0.8 0.9 1.8 1.6 6.5 4.4 8.9 6.1 1 0.8 1.6 1.2t1.7 0.9 2 0.4h0.1q0.9 0 2-0.4t1.7-0.9 1.6-1.2q3-2.2 8.9-6.1 1-0.7 1.8-1.6zM32 7.4q0 1.4-0.9 2.7t-2.2 2.2q-6.7 4.7-8.4 5.8-0.2 0.1-0.7 0.5t-1 0.7-0.9 0.6-1.1 0.5-0.9 0.2h-0.1q-0.4 0-0.9-0.2t-1.1-0.5-0.9-0.6-1-0.7-0.7-0.5q-1.6-1.1-4.7-3.2t-3.6-2.6q-1.1-0.7-2.1-2t-1-2.5q0-1.4 0.7-2.3t2.1-0.9h26.3q1.2 0 2 0.8t0.9 2z\"\/><\/svg><\/span><\/a><\/li><li class=\"shariff-button linkedin shariff-nocustomcolor\" style=\"background-color:#1488bf;border-radius:20%\"><a href=\"https:\/\/www.linkedin.com\/sharing\/share-offsite\/?url=https%3A%2F%2Fwww.ibi-systems.de%2Ffr%2Fcontactez%2F\" title=\"Bei LinkedIn teilen\" aria-label=\"Bei LinkedIn teilen\" role=\"button\" rel=\"noopener nofollow\" class=\"shariff-link\" style=\";border-radius:20%; background-color:#0077b5; color:#fff\" target=\"_blank\"><span class=\"shariff-icon\" style=\"\"><svg width=\"32px\" height=\"20px\" xmlns=\"http:\/\/www.w3.org\/2000\/svg\" viewBox=\"0 0 27 32\"><path fill=\"#0077b5\" d=\"M6.2 11.2v17.7h-5.9v-17.7h5.9zM6.6 5.7q0 1.3-0.9 2.2t-2.4 0.9h0q-1.5 0-2.4-0.9t-0.9-2.2 0.9-2.2 2.4-0.9 2.4 0.9 0.9 2.2zM27.4 18.7v10.1h-5.9v-9.5q0-1.9-0.7-2.9t-2.3-1.1q-1.1 0-1.9 0.6t-1.2 1.5q-0.2 0.5-0.2 1.4v9.9h-5.9q0-7.1 0-11.6t0-5.3l0-0.9h5.9v2.6h0q0.4-0.6 0.7-1t1-0.9 1.6-0.8 2-0.3q3 0 4.9 2t1.9 6z\"\/><\/svg><\/span><\/a><\/li><li class=\"shariff-button xing shariff-nocustomcolor\" style=\"background-color:#29888a;border-radius:20%\"><a href=\"https:\/\/www.xing.com\/spi\/shares\/new?url=https%3A%2F%2Fwww.ibi-systems.de%2Ffr%2Fcontactez%2F\" title=\"Bei XING teilen\" aria-label=\"Bei XING teilen\" role=\"button\" rel=\"noopener nofollow\" class=\"shariff-link\" style=\";border-radius:20%; background-color:#126567; color:#fff\" target=\"_blank\"><span class=\"shariff-icon\" style=\"\"><svg width=\"32px\" height=\"20px\" xmlns=\"http:\/\/www.w3.org\/2000\/svg\" viewBox=\"0 0 25 32\"><path fill=\"#126567\" d=\"M10.7 11.9q-0.2 0.3-4.6 8.2-0.5 0.8-1.2 0.8h-4.3q-0.4 0-0.5-0.3t0-0.6l4.5-8q0 0 0 0l-2.9-5q-0.2-0.4 0-0.7 0.2-0.3 0.5-0.3h4.3q0.7 0 1.2 0.8zM25.1 0.4q0.2 0.3 0 0.7l-9.4 16.7 6 11q0.2 0.4 0 0.6-0.2 0.3-0.6 0.3h-4.3q-0.7 0-1.2-0.8l-6-11.1q0.3-0.6 9.5-16.8 0.4-0.8 1.2-0.8h4.3q0.4 0 0.5 0.3z\"\/><\/svg><\/span><\/a><\/li><li class=\"shariff-button facebook shariff-nocustomcolor\" style=\"background-color:#4273c8;border-radius:20%\"><a href=\"https:\/\/www.facebook.com\/sharer\/sharer.php?u=https%3A%2F%2Fwww.ibi-systems.de%2Ffr%2Fcontactez%2F\" title=\"Bei Facebook teilen\" aria-label=\"Bei Facebook teilen\" role=\"button\" rel=\"nofollow\" class=\"shariff-link\" style=\";border-radius:20%; background-color:#3b5998; color:#fff\" target=\"_blank\"><span class=\"shariff-icon\" style=\"\"><svg width=\"32px\" height=\"20px\" xmlns=\"http:\/\/www.w3.org\/2000\/svg\" viewBox=\"0 0 18 32\"><path fill=\"#3b5998\" d=\"M17.1 0.2v4.7h-2.8q-1.5 0-2.1 0.6t-0.5 1.9v3.4h5.2l-0.7 5.3h-4.5v13.6h-5.5v-13.6h-4.5v-5.3h4.5v-3.9q0-3.3 1.9-5.2t5-1.8q2.6 0 4.1 0.2z\"\/><\/svg><\/span><\/a><\/li><li class=\"shariff-button twitter shariff-nocustomcolor\" style=\"background-color:#595959;border-radius:20%\"><a href=\"https:\/\/twitter.com\/share?url=https%3A%2F%2Fwww.ibi-systems.de%2Ffr%2Fcontactez%2F&text=Contactez\" title=\"Bei X teilen\" aria-label=\"Bei X teilen\" role=\"button\" rel=\"noopener nofollow\" class=\"shariff-link\" style=\";border-radius:20%; background-color:#000; color:#fff\" target=\"_blank\"><span class=\"shariff-icon\" style=\"\"><svg width=\"32px\" height=\"20px\" xmlns=\"http:\/\/www.w3.org\/2000\/svg\" viewBox=\"0 0 24 24\"><path fill=\"#000\" d=\"M14.258 10.152L23.176 0h-2.113l-7.747 8.813L7.133 0H0l9.352 13.328L0 23.973h2.113l8.176-9.309 6.531 9.309h7.133zm-2.895 3.293l-.949-1.328L2.875 1.56h3.246l6.086 8.523.945 1.328 7.91 11.078h-3.246zm0 0\"\/><\/svg><\/span><\/a><\/li><\/ul><\/div>","protected":false},"excerpt":{"rendered":"","protected":false},"author":2,"featured_media":0,"parent":0,"menu_order":0,"comment_status":"closed","ping_status":"closed","template":"","meta":{"footnotes":""},"class_list":["post-9353","page","type-page","status-publish","hentry"],"yoast_head":"<!-- This site is optimized with the Yoast SEO Premium plugin v26.9 (Yoast SEO v27.1.1) - https:\/\/yoast.com\/product\/yoast-seo-premium-wordpress\/ -->\n<title>Contactez - ibi systems GmbH<\/title>\n<meta name=\"robots\" content=\"index, follow, max-snippet:-1, max-image-preview:large, max-video-preview:-1\" \/>\n<link rel=\"canonical\" href=\"https:\/\/www.ibi-systems.de\/fr\/contactez\/\" \/>\n<meta property=\"og:locale\" content=\"fr_FR\" \/>\n<meta property=\"og:type\" content=\"article\" \/>\n<meta property=\"og:title\" content=\"Contactez\" \/>\n<meta property=\"og:url\" content=\"https:\/\/www.ibi-systems.de\/fr\/contactez\/\" \/>\n<meta property=\"og:site_name\" content=\"ibi systems GmbH\" \/>\n<meta property=\"article:publisher\" content=\"https:\/\/www.facebook.com\/ibisystems\/\" \/>\n<meta property=\"article:modified_time\" content=\"2025-10-23T18:54:19+00:00\" \/>\n<meta name=\"twitter:card\" content=\"summary_large_image\" \/>\n<meta name=\"twitter:site\" content=\"@ibi_systems\" \/>\n<meta name=\"twitter:label1\" content=\"Dur\u00e9e de lecture estim\u00e9e\" \/>\n\t<meta name=\"twitter:data1\" content=\"1 minute\" \/>\n<script type=\"application\/ld+json\" class=\"yoast-schema-graph\">{\"@context\":\"https:\/\/schema.org\",\"@graph\":[{\"@type\":\"WebPage\",\"@id\":\"https:\/\/www.ibi-systems.de\/fr\/contactez\/\",\"url\":\"https:\/\/www.ibi-systems.de\/fr\/contactez\/\",\"name\":\"Contactez - ibi systems GmbH\",\"isPartOf\":{\"@id\":\"https:\/\/www.ibi-systems.de\/fr\/#website\"},\"datePublished\":\"2021-01-20T14:00:18+00:00\",\"dateModified\":\"2025-10-23T18:54:19+00:00\",\"breadcrumb\":{\"@id\":\"https:\/\/www.ibi-systems.de\/fr\/contactez\/#breadcrumb\"},\"inLanguage\":\"fr-FR\",\"potentialAction\":[{\"@type\":\"ReadAction\",\"target\":[\"https:\/\/www.ibi-systems.de\/fr\/contactez\/\"]}]},{\"@type\":\"BreadcrumbList\",\"@id\":\"https:\/\/www.ibi-systems.de\/fr\/contactez\/#breadcrumb\",\"itemListElement\":[{\"@type\":\"ListItem\",\"position\":1,\"name\":\"Startseite\",\"item\":\"https:\/\/www.ibi-systems.de\/fr\/management-du-sgsi-et-de-la-grc\/\"},{\"@type\":\"ListItem\",\"position\":2,\"name\":\"Contactez\"}]},{\"@type\":\"WebSite\",\"@id\":\"https:\/\/www.ibi-systems.de\/fr\/#website\",\"url\":\"https:\/\/www.ibi-systems.de\/fr\/\",\"name\":\"ibi systems GmbH\",\"description\":\"ISMS, GRC, RegTech und InsurTech - Software und Beratung\",\"potentialAction\":[{\"@type\":\"SearchAction\",\"target\":{\"@type\":\"EntryPoint\",\"urlTemplate\":\"https:\/\/www.ibi-systems.de\/fr\/?s={search_term_string}\"},\"query-input\":{\"@type\":\"PropertyValueSpecification\",\"valueRequired\":true,\"valueName\":\"search_term_string\"}}],\"inLanguage\":\"fr-FR\"}]}<\/script>\n<!-- \/ Yoast SEO Premium plugin. -->","yoast_head_json":{"title":"Contactez - ibi systems GmbH","robots":{"index":"index","follow":"follow","max-snippet":"max-snippet:-1","max-image-preview":"max-image-preview:large","max-video-preview":"max-video-preview:-1"},"canonical":"https:\/\/www.ibi-systems.de\/fr\/contactez\/","og_locale":"fr_FR","og_type":"article","og_title":"Contactez","og_url":"https:\/\/www.ibi-systems.de\/fr\/contactez\/","og_site_name":"ibi systems GmbH","article_publisher":"https:\/\/www.facebook.com\/ibisystems\/","article_modified_time":"2025-10-23T18:54:19+00:00","twitter_card":"summary_large_image","twitter_site":"@ibi_systems","twitter_misc":{"Dur\u00e9e de lecture estim\u00e9e":"1 minute"},"schema":{"@context":"https:\/\/schema.org","@graph":[{"@type":"WebPage","@id":"https:\/\/www.ibi-systems.de\/fr\/contactez\/","url":"https:\/\/www.ibi-systems.de\/fr\/contactez\/","name":"Contactez - ibi systems GmbH","isPartOf":{"@id":"https:\/\/www.ibi-systems.de\/fr\/#website"},"datePublished":"2021-01-20T14:00:18+00:00","dateModified":"2025-10-23T18:54:19+00:00","breadcrumb":{"@id":"https:\/\/www.ibi-systems.de\/fr\/contactez\/#breadcrumb"},"inLanguage":"fr-FR","potentialAction":[{"@type":"ReadAction","target":["https:\/\/www.ibi-systems.de\/fr\/contactez\/"]}]},{"@type":"BreadcrumbList","@id":"https:\/\/www.ibi-systems.de\/fr\/contactez\/#breadcrumb","itemListElement":[{"@type":"ListItem","position":1,"name":"Startseite","item":"https:\/\/www.ibi-systems.de\/fr\/management-du-sgsi-et-de-la-grc\/"},{"@type":"ListItem","position":2,"name":"Contactez"}]},{"@type":"WebSite","@id":"https:\/\/www.ibi-systems.de\/fr\/#website","url":"https:\/\/www.ibi-systems.de\/fr\/","name":"ibi systems GmbH","description":"ISMS, GRC, RegTech und InsurTech - Software und Beratung","potentialAction":[{"@type":"SearchAction","target":{"@type":"EntryPoint","urlTemplate":"https:\/\/www.ibi-systems.de\/fr\/?s={search_term_string}"},"query-input":{"@type":"PropertyValueSpecification","valueRequired":true,"valueName":"search_term_string"}}],"inLanguage":"fr-FR"}]}},"_links":{"self":[{"href":"https:\/\/www.ibi-systems.de\/fr\/wp-json\/wp\/v2\/pages\/9353","targetHints":{"allow":["GET"]}}],"collection":[{"href":"https:\/\/www.ibi-systems.de\/fr\/wp-json\/wp\/v2\/pages"}],"about":[{"href":"https:\/\/www.ibi-systems.de\/fr\/wp-json\/wp\/v2\/types\/page"}],"author":[{"embeddable":true,"href":"https:\/\/www.ibi-systems.de\/fr\/wp-json\/wp\/v2\/users\/2"}],"replies":[{"embeddable":true,"href":"https:\/\/www.ibi-systems.de\/fr\/wp-json\/wp\/v2\/comments?post=9353"}],"version-history":[{"count":11,"href":"https:\/\/www.ibi-systems.de\/fr\/wp-json\/wp\/v2\/pages\/9353\/revisions"}],"predecessor-version":[{"id":18209,"href":"https:\/\/www.ibi-systems.de\/fr\/wp-json\/wp\/v2\/pages\/9353\/revisions\/18209"}],"wp:attachment":[{"href":"https:\/\/www.ibi-systems.de\/fr\/wp-json\/wp\/v2\/media?parent=9353"}],"curies":[{"name":"wp","href":"https:\/\/api.w.org\/{rel}","templated":true}]}}